{"id":169,"date":"2020-09-23T17:42:49","date_gmt":"2020-09-23T15:42:49","guid":{"rendered":"http:\/\/knx.fr\/College_Integrateurs\/?page_id=169"},"modified":"2021-12-23T11:38:13","modified_gmt":"2021-12-23T10:38:13","slug":"espace-membres","status":"publish","type":"page","link":"http:\/\/www.knx.fr\/College_Integrateurs\/espace-membres\/","title":{"rendered":"Espace membres"},"content":{"rendered":"Vous devez \u00eatre membre et vous connecter pour voir ce contenu.<br\/><a href=\"http:\/\/knx.fr\/College_Integrateurs\/membership-login\/\">Connexion<\/a>.<br\/><br\/>Pas encore membre ? Vous souhaitez adh\u00e9rer ? <br\/><a href=\"http:\/\/knx.fr\/College_Integrateurs\/adherer\/\">Voir la page d'adh\u00e9sion<\/a>","protected":false},"excerpt":{"rendered":"<p>Vous devez \u00eatre membre et vous connecter pour voir ce contenu.Connexion.Pas encore membre ? Vous souhaitez adh\u00e9rer ? Voir la page d&rsquo;adh\u00e9sion<\/p>\n","protected":false},"author":1,"featured_media":0,"parent":0,"menu_order":0,"comment_status":"closed","ping_status":"closed","template":"","meta":{"footnotes":""},"class_list":["post-169","page","type-page","status-publish","hentry"],"_links":{"self":[{"href":"http:\/\/www.knx.fr\/College_Integrateurs\/wp-json\/wp\/v2\/pages\/169","targetHints":{"allow":["GET"]}}],"collection":[{"href":"http:\/\/www.knx.fr\/College_Integrateurs\/wp-json\/wp\/v2\/pages"}],"about":[{"href":"http:\/\/www.knx.fr\/College_Integrateurs\/wp-json\/wp\/v2\/types\/page"}],"author":[{"embeddable":true,"href":"http:\/\/www.knx.fr\/College_Integrateurs\/wp-json\/wp\/v2\/users\/1"}],"replies":[{"embeddable":true,"href":"http:\/\/www.knx.fr\/College_Integrateurs\/wp-json\/wp\/v2\/comments?post=169"}],"version-history":[{"count":20,"href":"http:\/\/www.knx.fr\/College_Integrateurs\/wp-json\/wp\/v2\/pages\/169\/revisions"}],"predecessor-version":[{"id":467,"href":"http:\/\/www.knx.fr\/College_Integrateurs\/wp-json\/wp\/v2\/pages\/169\/revisions\/467"}],"wp:attachment":[{"href":"http:\/\/www.knx.fr\/College_Integrateurs\/wp-json\/wp\/v2\/media?parent=169"}],"curies":[{"name":"wp","href":"https:\/\/api.w.org\/{rel}","templated":true}]}}