{"id":31,"date":"2020-09-09T17:45:57","date_gmt":"2020-09-09T15:45:57","guid":{"rendered":"http:\/\/knx.fr\/College_Integrateurs\/?page_id=31"},"modified":"2026-02-19T16:24:00","modified_gmt":"2026-02-19T15:24:00","slug":"accueil","status":"publish","type":"page","link":"https:\/\/www.knx.fr\/College_Integrateurs\/","title":{"rendered":"Accueil"},"content":{"rendered":"\t\t<div data-elementor-type=\"wp-page\" data-elementor-id=\"31\" class=\"elementor elementor-31\">\n\t\t\t\t\t\t<section class=\"elementor-section elementor-top-section elementor-element elementor-element-aba6423 elementor-section-full_width elementor-section-height-default elementor-section-height-default\" data-id=\"aba6423\" data-element_type=\"section\" data-e-type=\"section\">\n\t\t\t\t\t\t<div class=\"elementor-container elementor-column-gap-default\">\n\t\t\t\t\t<div class=\"elementor-column elementor-col-100 elementor-top-column elementor-element elementor-element-b54a234\" data-id=\"b54a234\" data-element_type=\"column\" data-e-type=\"column\">\n\t\t\t<div class=\"elementor-widget-wrap elementor-element-populated\">\n\t\t\t\t\t\t<div class=\"elementor-element elementor-element-7376d8d elementor-widget elementor-widget-heading\" data-id=\"7376d8d\" data-element_type=\"widget\" data-e-type=\"widget\" data-widget_type=\"heading.default\">\n\t\t\t\t<div class=\"elementor-widget-container\">\n\t\t\t\t\t<h2 class=\"elementor-heading-title elementor-size-default\">Coll\u00e8ge Int\u00e9grateurs KNX France : un groupe actif de professionnels KNX qualifi\u00e9s<\/h2>\t\t\t\t<\/div>\n\t\t\t\t<\/div>\n\t\t\t\t<div class=\"elementor-element elementor-element-a64468b elementor-widget__width-inherit elementor-widget elementor-widget-text-editor\" data-id=\"a64468b\" data-element_type=\"widget\" data-e-type=\"widget\" data-widget_type=\"text-editor.default\">\n\t\t\t\t<div class=\"elementor-widget-container\">\n\t\t\t\t\t\t\t\t\t<p>L&rsquo;association KNX France a cr\u00e9\u00e9 le Coll\u00e8ge Int\u00e9grateurs KNX France afin que les professionnels Fran\u00e7ais, certifi\u00e9s KNX Advanced, puissent se regrouper, \u00e9changer, cr\u00e9er des commissions, des groupes de travail, des \u00e9v\u00e9nements et participer activement au d\u00e9veloppement de l&rsquo;association KNX France.<\/p>\t\t\t\t\t\t\t\t<\/div>\n\t\t\t\t<\/div>\n\t\t\t\t<div class=\"elementor-element elementor-element-93937bd elementor-widget elementor-widget-heading\" data-id=\"93937bd\" data-element_type=\"widget\" data-e-type=\"widget\" data-widget_type=\"heading.default\">\n\t\t\t\t<div class=\"elementor-widget-container\">\n\t\t\t\t\t<h2 class=\"elementor-heading-title elementor-size-default\">Qu'est-ce que le Coll\u00e8ge Int\u00e9grateurs KNX France ?<\/h2>\t\t\t\t<\/div>\n\t\t\t\t<\/div>\n\t\t\t\t<div class=\"elementor-element elementor-element-9b2d6d8 elementor-widget elementor-widget-heading\" data-id=\"9b2d6d8\" data-element_type=\"widget\" data-e-type=\"widget\" data-widget_type=\"heading.default\">\n\t\t\t\t<div class=\"elementor-widget-container\">\n\t\t\t\t\t<h2 class=\"elementor-heading-title elementor-size-default\">Les avantages :<\/h2>\t\t\t\t<\/div>\n\t\t\t\t<\/div>\n\t\t\t\t<div class=\"elementor-element elementor-element-58654ad elementor-widget elementor-widget-text-editor\" data-id=\"58654ad\" data-element_type=\"widget\" data-e-type=\"widget\" data-widget_type=\"text-editor.default\">\n\t\t\t\t<div class=\"elementor-widget-container\">\n\t\t\t\t\t\t\t\t\t<ul><li>Soyez acteur de votre d\u00e9veloppement et valorisez votre savoir-faire<\/li><\/ul><ul class=\"liste\"><li>Donnez votre avis et prenez part aux choix d\u2019orientation strat\u00e9giques de KNX France<\/li><li>Acc\u00e9dez aux Groupes de Travail<\/li><li>B\u00e9n\u00e9ficiez d\u2019une visibilit\u00e9 sur les diff\u00e9rents m\u00e9dias de KNX France (KNX Journal, application mobile, newsletters, r\u00e9seaux sociaux&#8230;)<\/li><li>\u00catre r\u00e9f\u00e9renc\u00e9 sur le site www.knx.fr<\/li><li>B\u00e9n\u00e9ficiez de la croissance du march\u00e9<\/li><li>Avoir acc\u00e8s au groupe LinkedIn Coll\u00e8ge Int\u00e9grateurs KNX France afin d&rsquo;\u00e9changer avec la communaut\u00e9<\/li><\/ul>\t\t\t\t\t\t\t\t<\/div>\n\t\t\t\t<\/div>\n\t\t\t\t\t<\/div>\n\t\t<\/div>\n\t\t\t\t\t<\/div>\n\t\t<\/section>\n\t\t\t\t<section class=\"elementor-section elementor-top-section elementor-element elementor-element-ef75f2b elementor-section-boxed elementor-section-height-default elementor-section-height-default\" data-id=\"ef75f2b\" data-element_type=\"section\" data-e-type=\"section\">\n\t\t\t\t\t\t<div class=\"elementor-container elementor-column-gap-default\">\n\t\t\t\t\t<div class=\"elementor-column elementor-col-33 elementor-top-column elementor-element elementor-element-5cc30d4\" data-id=\"5cc30d4\" data-element_type=\"column\" data-e-type=\"column\">\n\t\t\t<div class=\"elementor-widget-wrap elementor-element-populated\">\n\t\t\t\t\t\t<div class=\"elementor-element elementor-element-d030319 elementor-widget elementor-widget-image\" data-id=\"d030319\" data-element_type=\"widget\" data-e-type=\"widget\" data-widget_type=\"image.default\">\n\t\t\t\t<div class=\"elementor-widget-container\">\n\t\t\t\t\t\t\t\t\t\t\t\t\t\t\t\t<a href=\"http:\/\/bit.ly\/3IWM0Ev\" target=\"_blank\">\n\t\t\t\t\t\t\t<img fetchpriority=\"high\" decoding=\"async\" width=\"722\" height=\"1024\" src=\"http:\/\/www.knx.fr\/College_Integrateurs\/wp-content\/uploads\/2023\/01\/CI_Flyer-722x1024.jpg\" class=\"attachment-large size-large wp-image-535\" alt=\"\" srcset=\"http:\/\/www.knx.fr\/College_Integrateurs\/wp-content\/uploads\/2023\/01\/CI_Flyer-722x1024.jpg 722w, http:\/\/www.knx.fr\/College_Integrateurs\/wp-content\/uploads\/2023\/01\/CI_Flyer-211x300.jpg 211w, http:\/\/www.knx.fr\/College_Integrateurs\/wp-content\/uploads\/2023\/01\/CI_Flyer-768x1090.jpg 768w, http:\/\/www.knx.fr\/College_Integrateurs\/wp-content\/uploads\/2023\/01\/CI_Flyer.jpg 1000w\" sizes=\"(max-width: 722px) 100vw, 722px\" \/>\t\t\t\t\t\t\t\t<\/a>\n\t\t\t\t\t\t\t\t\t\t\t\t\t\t\t<\/div>\n\t\t\t\t<\/div>\n\t\t\t\t\t<\/div>\n\t\t<\/div>\n\t\t\t\t<div class=\"elementor-column elementor-col-66 elementor-top-column elementor-element elementor-element-47fe07e\" data-id=\"47fe07e\" data-element_type=\"column\" data-e-type=\"column\">\n\t\t\t<div class=\"elementor-widget-wrap\">\n\t\t\t\t\t\t\t<\/div>\n\t\t<\/div>\n\t\t\t\t\t<\/div>\n\t\t<\/section>\n\t\t\t\t<\/div>\n\t\t","protected":false},"excerpt":{"rendered":"<p>Coll\u00e8ge Int\u00e9grateurs KNX France : un groupe actif de professionnels KNX qualifi\u00e9s L&rsquo;association KNX France a cr\u00e9\u00e9 le Coll\u00e8ge Int\u00e9grateurs KNX France afin que les professionnels Fran\u00e7ais, certifi\u00e9s KNX Advanced, puissent se regrouper, \u00e9changer, cr\u00e9er des commissions, des groupes de travail, des \u00e9v\u00e9nements et participer activement au d\u00e9veloppement de l&rsquo;association KNX France. Qu&rsquo;est-ce que le <a class=\"more-link\" href=\"https:\/\/www.knx.fr\/College_Integrateurs\/\">Lire plus &#8230;<\/a><\/p>\n","protected":false},"author":1,"featured_media":0,"parent":0,"menu_order":0,"comment_status":"closed","ping_status":"closed","template":"","meta":{"footnotes":""},"class_list":["post-31","page","type-page","status-publish","hentry"],"_links":{"self":[{"href":"https:\/\/www.knx.fr\/College_Integrateurs\/wp-json\/wp\/v2\/pages\/31","targetHints":{"allow":["GET"]}}],"collection":[{"href":"https:\/\/www.knx.fr\/College_Integrateurs\/wp-json\/wp\/v2\/pages"}],"about":[{"href":"https:\/\/www.knx.fr\/College_Integrateurs\/wp-json\/wp\/v2\/types\/page"}],"author":[{"embeddable":true,"href":"https:\/\/www.knx.fr\/College_Integrateurs\/wp-json\/wp\/v2\/users\/1"}],"replies":[{"embeddable":true,"href":"https:\/\/www.knx.fr\/College_Integrateurs\/wp-json\/wp\/v2\/comments?post=31"}],"version-history":[{"count":56,"href":"https:\/\/www.knx.fr\/College_Integrateurs\/wp-json\/wp\/v2\/pages\/31\/revisions"}],"predecessor-version":[{"id":775,"href":"https:\/\/www.knx.fr\/College_Integrateurs\/wp-json\/wp\/v2\/pages\/31\/revisions\/775"}],"wp:attachment":[{"href":"https:\/\/www.knx.fr\/College_Integrateurs\/wp-json\/wp\/v2\/media?parent=31"}],"curies":[{"name":"wp","href":"https:\/\/api.w.org\/{rel}","templated":true}]}}